{"id":74,"date":"2025-12-13T17:03:54","date_gmt":"2025-12-13T20:03:54","guid":{"rendered":"https:\/\/editoranorat.com.br\/congresso\/?page_id=74"},"modified":"2026-01-26T09:36:01","modified_gmt":"2026-01-26T12:36:01","slug":"data-e-local-do-evento","status":"publish","type":"page","link":"https:\/\/editoranorat.com.br\/congresso\/data-e-local-do-evento\/","title":{"rendered":"DATA E LOCAL DO EVENTO"},"content":{"rendered":"\n<p class=\"has-text-align-left has-black-color has-text-color has-link-color wp-elements-7b9ab2d0aacac9456ceb20fcd70272f6\">O <strong>IV CONGRESSO BRASILEIRO SOBRE DIREITO E PROCESSO PENAL, SEGURAN\u00c7A P\u00daBLICA, INVESTIGA\u00c7\u00c3O E PER\u00cdCIAS CRIMINAIS<\/strong>, ser\u00e1 realizado em 29 e 30 de janeiro de 2026 no Audit\u00f3rio EVA do\u00a0<strong>Centro Universit\u00e1rio de Jo\u00e3o Pessoa &#8211; UNIP\u00ca<\/strong>, localizado na Rodovia BR-230, \u00c1gua Fria, Jo\u00e3o Pessoa &#8211; PB, 58053-000. O audit\u00f3rio possui capacidade para 150 pessoas em espa\u00e7o confort\u00e1vel e climatizado.<\/p>\n\n\n\n<p class=\"has-text-align-center has-black-color has-text-color has-link-color wp-elements-1c1bb4a58e268e7682848cc6bfb48c34\"><strong>Como chegar no local do Congresso:<\/strong><\/p>\n\n\n\n<p class=\"has-text-align-center\"><iframe src=\"https:\/\/www.google.com\/maps\/embed?pb=!1m18!1m12!1m3!1d3958.7198602140597!2d-34.860063325001285!3d-7.158351292846186!2m3!1f0!2f0!3f0!3m2!1i1024!2i768!4f13.1!3m3!1m2!1s0x7acc29aa9ce26af%3A0xaf72a28cd6276079!2sUNIP%C3%8A%20-%20Centro%20Universit%C3%A1rio%20-%20Campus%20Jo%C3%A3o%20Pessoa!5e0!3m2!1spt-BR!2sbr!4v1765658028465!5m2!1spt-BR!2sbr\" width=\"600\" height=\"450\" style=\"border:0;\" allowfullscreen=\"\" loading=\"lazy\" referrerpolicy=\"no-referrer-when-downgrade\"><\/iframe><\/p>\n","protected":false},"excerpt":{"rendered":"<p>O IV CONGRESSO BRASILEIRO SOBRE DIREITO E PROCESSO PENAL, SEGURAN\u00c7A P\u00daBLICA, INVESTIGA\u00c7\u00c3O E PER\u00cdCIAS CRIMINAIS, ser\u00e1 realizado em 29 e 30 de janeiro de 2026 no Audit\u00f3rio EVA do\u00a0Centro Universit\u00e1rio de Jo\u00e3o Pessoa &#8211; UNIP\u00ca, localizado na Rodovia BR-230, \u00c1gua Fria, Jo\u00e3o Pessoa &#8211; PB, 58053-000. O audit\u00f3rio possui capacidade para 150 pessoas em espa\u00e7o&hellip; <br \/> <a class=\"read-more\" href=\"https:\/\/editoranorat.com.br\/congresso\/data-e-local-do-evento\/\">Leia mais<\/a><\/p>\n","protected":false},"author":1,"featured_media":0,"parent":0,"menu_order":0,"comment_status":"closed","ping_status":"closed","template":"","meta":{"footnotes":""},"class_list":["post-74","page","type-page","status-publish","hentry"],"_links":{"self":[{"href":"https:\/\/editoranorat.com.br\/congresso\/wp-json\/wp\/v2\/pages\/74","targetHints":{"allow":["GET"]}}],"collection":[{"href":"https:\/\/editoranorat.com.br\/congresso\/wp-json\/wp\/v2\/pages"}],"about":[{"href":"https:\/\/editoranorat.com.br\/congresso\/wp-json\/wp\/v2\/types\/page"}],"author":[{"embeddable":true,"href":"https:\/\/editoranorat.com.br\/congresso\/wp-json\/wp\/v2\/users\/1"}],"replies":[{"embeddable":true,"href":"https:\/\/editoranorat.com.br\/congresso\/wp-json\/wp\/v2\/comments?post=74"}],"version-history":[{"count":5,"href":"https:\/\/editoranorat.com.br\/congresso\/wp-json\/wp\/v2\/pages\/74\/revisions"}],"predecessor-version":[{"id":182,"href":"https:\/\/editoranorat.com.br\/congresso\/wp-json\/wp\/v2\/pages\/74\/revisions\/182"}],"wp:attachment":[{"href":"https:\/\/editoranorat.com.br\/congresso\/wp-json\/wp\/v2\/media?parent=74"}],"curies":[{"name":"wp","href":"https:\/\/api.w.org\/{rel}","templated":true}]}}